{"id":2803,"date":"2024-02-13T14:22:39","date_gmt":"2024-02-13T13:22:39","guid":{"rendered":"https:\/\/capsfoodsystemses.com\/product\/cream-vanilla-pearls-l-in-glass\/"},"modified":"2024-09-30T21:01:36","modified_gmt":"2024-09-30T19:01:36","slug":"perlas-creama-vanilla-pasteurizadas-l-cristal","status":"publish","type":"product","link":"https:\/\/test.capsfoodsystemses.com\/es\/product\/perlas-creama-vanilla-pasteurizadas-l-cristal\/","title":{"rendered":"Perlas de CREMA de VAINILLA pasteurizadas"},"content":{"rendered":"<p>Una nueva soluci\u00f3n en la industria l\u00e1ctea, una nueva mirada a los batidos con rellenos. MilkES Pearl es un complemento original para postres, c\u00f3cteles y bebidas a base de caf\u00e9. Es una soluci\u00f3n innovadora para la hoster\u00eda, baristas y bartenders.<\/p>\n","protected":false},"excerpt":{"rendered":"<p>Una nueva soluci\u00f3n en la industria l\u00e1ctea, una nueva mirada a los batidos con rellenos. MilkES Pearl es un complemento original para postres, c\u00f3cteles y bebidas a base de caf\u00e9. Es una soluci\u00f3n innovadora para la hoster\u00eda, baristas y bartenders.<\/p>\n","protected":false},"featured_media":3537,"comment_status":"closed","ping_status":"closed","template":"","meta":[],"product_brand":[],"product_cat":[149],"product_tag":[217,218],"class_list":{"0":"post-2803","1":"product","2":"type-product","3":"status-publish","4":"has-post-thumbnail","6":"product_cat-milk-pearls-es","7":"product_tag-accesorios-para-baristas","8":"product_tag-ingredientes-para-cafe","10":"first","11":"instock","12":"shipping-taxable","13":"purchasable","14":"product-type-variable"},"acf":[],"_links":{"self":[{"href":"https:\/\/test.capsfoodsystemses.com\/es\/wp-json\/wp\/v2\/product\/2803","targetHints":{"allow":["GET"]}}],"collection":[{"href":"https:\/\/test.capsfoodsystemses.com\/es\/wp-json\/wp\/v2\/product"}],"about":[{"href":"https:\/\/test.capsfoodsystemses.com\/es\/wp-json\/wp\/v2\/types\/product"}],"replies":[{"embeddable":true,"href":"https:\/\/test.capsfoodsystemses.com\/es\/wp-json\/wp\/v2\/comments?post=2803"}],"wp:featuredmedia":[{"embeddable":true,"href":"https:\/\/test.capsfoodsystemses.com\/es\/wp-json\/wp\/v2\/media\/3537"}],"wp:attachment":[{"href":"https:\/\/test.capsfoodsystemses.com\/es\/wp-json\/wp\/v2\/media?parent=2803"}],"wp:term":[{"taxonomy":"product_brand","embeddable":true,"href":"https:\/\/test.capsfoodsystemses.com\/es\/wp-json\/wp\/v2\/product_brand?post=2803"},{"taxonomy":"product_cat","embeddable":true,"href":"https:\/\/test.capsfoodsystemses.com\/es\/wp-json\/wp\/v2\/product_cat?post=2803"},{"taxonomy":"product_tag","embeddable":true,"href":"https:\/\/test.capsfoodsystemses.com\/es\/wp-json\/wp\/v2\/product_tag?post=2803"}],"curies":[{"name":"wp","href":"https:\/\/api.w.org\/{rel}","templated":true}]}}