{"id":2775,"date":"2024-02-13T14:08:38","date_gmt":"2024-02-13T13:08:38","guid":{"rendered":"https:\/\/capsfoodsystemses.com\/product\/yuzu-pearls-l-in-glass\/"},"modified":"2024-10-01T18:56:58","modified_gmt":"2024-10-01T16:56:58","slug":"perlas-yuzu-pasteurizadas-l-cristal","status":"publish","type":"product","link":"https:\/\/test.capsfoodsystemses.com\/es\/product\/perlas-yuzu-pasteurizadas-l-cristal\/","title":{"rendered":"Perlas de YUZU pasteurizadas"},"content":{"rendered":"<p>FruitES es una nueva soluci\u00f3n frut\u00edcola. La encarnaci\u00f3n de las fantas\u00edas gastron\u00f3micas en realidad. La perla FruitES es una explosi\u00f3n jugosa y refrescante de zumos y pur\u00e9s naturales de frutas y bayas.<\/p>\n","protected":false},"excerpt":{"rendered":"<p>FruitES es una nueva soluci\u00f3n frut\u00edcola. La encarnaci\u00f3n de las fantas\u00edas gastron\u00f3micas en realidad. La perla FruitES es una explosi\u00f3n jugosa y refrescante de zumos y pur\u00e9s naturales de frutas y bayas.<\/p>\n","protected":false},"featured_media":1263,"comment_status":"closed","ping_status":"closed","template":"","meta":[],"product_brand":[],"product_cat":[148],"product_tag":[225,226],"class_list":{"0":"post-2775","1":"product","2":"type-product","3":"status-publish","4":"has-post-thumbnail","6":"product_cat-fruit-pearls-es","7":"product_tag-perlas-tapioca","8":"product_tag-te-de-burbujas-cerca-de-mi","10":"first","11":"outofstock","12":"shipping-taxable","13":"purchasable","14":"product-type-variable"},"acf":[],"_links":{"self":[{"href":"https:\/\/test.capsfoodsystemses.com\/es\/wp-json\/wp\/v2\/product\/2775","targetHints":{"allow":["GET"]}}],"collection":[{"href":"https:\/\/test.capsfoodsystemses.com\/es\/wp-json\/wp\/v2\/product"}],"about":[{"href":"https:\/\/test.capsfoodsystemses.com\/es\/wp-json\/wp\/v2\/types\/product"}],"replies":[{"embeddable":true,"href":"https:\/\/test.capsfoodsystemses.com\/es\/wp-json\/wp\/v2\/comments?post=2775"}],"wp:featuredmedia":[{"embeddable":true,"href":"https:\/\/test.capsfoodsystemses.com\/es\/wp-json\/wp\/v2\/media\/1263"}],"wp:attachment":[{"href":"https:\/\/test.capsfoodsystemses.com\/es\/wp-json\/wp\/v2\/media?parent=2775"}],"wp:term":[{"taxonomy":"product_brand","embeddable":true,"href":"https:\/\/test.capsfoodsystemses.com\/es\/wp-json\/wp\/v2\/product_brand?post=2775"},{"taxonomy":"product_cat","embeddable":true,"href":"https:\/\/test.capsfoodsystemses.com\/es\/wp-json\/wp\/v2\/product_cat?post=2775"},{"taxonomy":"product_tag","embeddable":true,"href":"https:\/\/test.capsfoodsystemses.com\/es\/wp-json\/wp\/v2\/product_tag?post=2775"}],"curies":[{"name":"wp","href":"https:\/\/api.w.org\/{rel}","templated":true}]}}