{"id":2774,"date":"2024-02-12T18:54:51","date_gmt":"2024-02-12T17:54:51","guid":{"rendered":"https:\/\/capsfoodsystemses.com\/product\/blackcurrant-pearls-l-in-doypack\/"},"modified":"2025-05-06T12:00:24","modified_gmt":"2025-05-06T10:00:24","slug":"perlas-grosella-negro-pasteurizadas-l-doypack","status":"publish","type":"product","link":"https:\/\/test.capsfoodsystemses.com\/es\/product\/perlas-grosella-negro-pasteurizadas-l-doypack\/","title":{"rendered":"Perlas de GROSELLA NEGRA pasteurizadas"},"content":{"rendered":"<p>FruitES es una nueva soluci\u00f3n frut\u00edcola. La encarnaci\u00f3n de las fantas\u00edas gastron\u00f3micas en realidad. La perla FruitES es una explosi\u00f3n jugosa y refrescante de zumos y pur\u00e9s naturales de frutas y bayas.<\/p>\n","protected":false},"excerpt":{"rendered":"<p>FruitES es una nueva soluci\u00f3n frut\u00edcola. La encarnaci\u00f3n de las fantas\u00edas gastron\u00f3micas en realidad. La perla FruitES es una explosi\u00f3n jugosa y refrescante de zumos y pur\u00e9s naturales de frutas y bayas.<\/p>\n","protected":false},"featured_media":3511,"comment_status":"closed","ping_status":"closed","template":"","meta":[],"product_brand":[],"product_cat":[148],"product_tag":[200,201],"class_list":{"0":"post-2774","1":"product","2":"type-product","3":"status-publish","4":"has-post-thumbnail","6":"product_cat-fruit-pearls-es","7":"product_tag-perlas-de-fruta","8":"product_tag-tea-bubble","10":"first","11":"instock","12":"shipping-taxable","13":"purchasable","14":"product-type-variable"},"acf":[],"_links":{"self":[{"href":"https:\/\/test.capsfoodsystemses.com\/es\/wp-json\/wp\/v2\/product\/2774","targetHints":{"allow":["GET"]}}],"collection":[{"href":"https:\/\/test.capsfoodsystemses.com\/es\/wp-json\/wp\/v2\/product"}],"about":[{"href":"https:\/\/test.capsfoodsystemses.com\/es\/wp-json\/wp\/v2\/types\/product"}],"replies":[{"embeddable":true,"href":"https:\/\/test.capsfoodsystemses.com\/es\/wp-json\/wp\/v2\/comments?post=2774"}],"wp:featuredmedia":[{"embeddable":true,"href":"https:\/\/test.capsfoodsystemses.com\/es\/wp-json\/wp\/v2\/media\/3511"}],"wp:attachment":[{"href":"https:\/\/test.capsfoodsystemses.com\/es\/wp-json\/wp\/v2\/media?parent=2774"}],"wp:term":[{"taxonomy":"product_brand","embeddable":true,"href":"https:\/\/test.capsfoodsystemses.com\/es\/wp-json\/wp\/v2\/product_brand?post=2774"},{"taxonomy":"product_cat","embeddable":true,"href":"https:\/\/test.capsfoodsystemses.com\/es\/wp-json\/wp\/v2\/product_cat?post=2774"},{"taxonomy":"product_tag","embeddable":true,"href":"https:\/\/test.capsfoodsystemses.com\/es\/wp-json\/wp\/v2\/product_tag?post=2774"}],"curies":[{"name":"wp","href":"https:\/\/api.w.org\/{rel}","templated":true}]}}