{"id":2756,"date":"2024-02-12T14:28:27","date_gmt":"2024-02-12T12:28:27","guid":{"rendered":"https:\/\/capsfoodsystemses.com\/product\/olive-oil-pearls-m-in-glass\/"},"modified":"2024-04-22T22:33:55","modified_gmt":"2024-04-22T19:33:55","slug":"perlas-de-aceite-de-oliva-m-cristal","status":"publish","type":"product","link":"https:\/\/test.capsfoodsystemses.com\/es\/product\/perlas-de-aceite-de-oliva-m-cristal\/","title":{"rendered":"Perlas de ACEITE de OLIVA"},"content":{"rendered":"<p>OilES es una nueva soluci\u00f3n para la industria de aceites y grasas. Se trata de una nueva forma sin contacto que permite una gama m\u00e1s amplia de aplicaciones. Ahora no tendr\u00e1 que posponer el ali\u00f1o de los platos, sino que podr\u00e1 hacerlo con antelaci\u00f3n.<\/p>\n","protected":false},"excerpt":{"rendered":"<p>OilES es una nueva soluci\u00f3n para la industria de aceites y grasas. Se trata de una nueva forma sin contacto que permite una gama m\u00e1s amplia de aplicaciones. Ahora no tendr\u00e1 que posponer el ali\u00f1o de los platos, sino que podr\u00e1 hacerlo con antelaci\u00f3n.<\/p>\n","protected":false},"featured_media":1138,"comment_status":"closed","ping_status":"closed","template":"","meta":[],"product_brand":[],"product_cat":[150],"product_tag":[],"class_list":{"0":"post-2756","1":"product","2":"type-product","3":"status-publish","4":"has-post-thumbnail","6":"product_cat-olive-pearls-es","8":"first","9":"instock","10":"shipping-taxable","11":"product-type-variable"},"acf":[],"_links":{"self":[{"href":"https:\/\/test.capsfoodsystemses.com\/es\/wp-json\/wp\/v2\/product\/2756","targetHints":{"allow":["GET"]}}],"collection":[{"href":"https:\/\/test.capsfoodsystemses.com\/es\/wp-json\/wp\/v2\/product"}],"about":[{"href":"https:\/\/test.capsfoodsystemses.com\/es\/wp-json\/wp\/v2\/types\/product"}],"replies":[{"embeddable":true,"href":"https:\/\/test.capsfoodsystemses.com\/es\/wp-json\/wp\/v2\/comments?post=2756"}],"wp:featuredmedia":[{"embeddable":true,"href":"https:\/\/test.capsfoodsystemses.com\/es\/wp-json\/wp\/v2\/media\/1138"}],"wp:attachment":[{"href":"https:\/\/test.capsfoodsystemses.com\/es\/wp-json\/wp\/v2\/media?parent=2756"}],"wp:term":[{"taxonomy":"product_brand","embeddable":true,"href":"https:\/\/test.capsfoodsystemses.com\/es\/wp-json\/wp\/v2\/product_brand?post=2756"},{"taxonomy":"product_cat","embeddable":true,"href":"https:\/\/test.capsfoodsystemses.com\/es\/wp-json\/wp\/v2\/product_cat?post=2756"},{"taxonomy":"product_tag","embeddable":true,"href":"https:\/\/test.capsfoodsystemses.com\/es\/wp-json\/wp\/v2\/product_tag?post=2756"}],"curies":[{"name":"wp","href":"https:\/\/api.w.org\/{rel}","templated":true}]}}