{"id":2723,"date":"2024-02-12T12:39:31","date_gmt":"2024-02-12T11:39:31","guid":{"rendered":"https:\/\/capsfoodsystemses.com\/product\/grape-vinegar-pearls-l-in-glass\/"},"modified":"2024-12-04T12:14:29","modified_gmt":"2024-12-04T11:14:29","slug":"perlas-de-vinagre-balsamico-l-cristal","status":"publish","type":"product","link":"https:\/\/test.capsfoodsystemses.com\/es\/product\/perlas-de-vinagre-balsamico-l-cristal\/","title":{"rendered":"Perlas de VINAGRE BALSAMICO pasteurizadas"},"content":{"rendered":"<p>Sofisticada salsa encapsulada, \u00a1gracias a la cual los platos exquisitos se vuelven a\u00fan m\u00e1s refinados! La ausencia de contacto del contenido de la c\u00e1psula con los ingredientes principales de los platos ampl\u00eda hasta el infinito el abanico de obras maestras culinarias.<\/p>\n","protected":false},"excerpt":{"rendered":"<p>Sofisticada salsa encapsulada, \u00a1gracias a la cual los platos exquisitos se vuelven a\u00fan m\u00e1s refinados! La ausencia de contacto del contenido de la c\u00e1psula con los ingredientes principales de los platos ampl\u00eda hasta el infinito el abanico de obras maestras culinarias.<\/p>\n","protected":false},"featured_media":3148,"comment_status":"closed","ping_status":"closed","template":"","meta":[],"product_brand":[],"product_cat":[151],"product_tag":[205,204,203],"class_list":{"0":"post-2723","1":"product","2":"type-product","3":"status-publish","4":"has-post-thumbnail","6":"product_cat-sause-pearls","7":"product_tag-perlas-de-vinagre-balsamico","8":"product_tag-que-es-vinagre-balsamico","9":"product_tag-vinagre-balsamico","11":"first","12":"instock","13":"shipping-taxable","14":"purchasable","15":"product-type-variable"},"acf":[],"_links":{"self":[{"href":"https:\/\/test.capsfoodsystemses.com\/es\/wp-json\/wp\/v2\/product\/2723","targetHints":{"allow":["GET"]}}],"collection":[{"href":"https:\/\/test.capsfoodsystemses.com\/es\/wp-json\/wp\/v2\/product"}],"about":[{"href":"https:\/\/test.capsfoodsystemses.com\/es\/wp-json\/wp\/v2\/types\/product"}],"replies":[{"embeddable":true,"href":"https:\/\/test.capsfoodsystemses.com\/es\/wp-json\/wp\/v2\/comments?post=2723"}],"wp:featuredmedia":[{"embeddable":true,"href":"https:\/\/test.capsfoodsystemses.com\/es\/wp-json\/wp\/v2\/media\/3148"}],"wp:attachment":[{"href":"https:\/\/test.capsfoodsystemses.com\/es\/wp-json\/wp\/v2\/media?parent=2723"}],"wp:term":[{"taxonomy":"product_brand","embeddable":true,"href":"https:\/\/test.capsfoodsystemses.com\/es\/wp-json\/wp\/v2\/product_brand?post=2723"},{"taxonomy":"product_cat","embeddable":true,"href":"https:\/\/test.capsfoodsystemses.com\/es\/wp-json\/wp\/v2\/product_cat?post=2723"},{"taxonomy":"product_tag","embeddable":true,"href":"https:\/\/test.capsfoodsystemses.com\/es\/wp-json\/wp\/v2\/product_tag?post=2723"}],"curies":[{"name":"wp","href":"https:\/\/api.w.org\/{rel}","templated":true}]}}