{"id":2686,"date":"2024-02-11T17:21:13","date_gmt":"2024-02-11T16:21:13","guid":{"rendered":"https:\/\/capsfoodsystemses.com\/product\/red-algae-pearls-m-in-doypack\/"},"modified":"2025-05-06T16:05:51","modified_gmt":"2025-05-06T14:05:51","slug":"perlas-de-algas-rojas-pasteurizadas-m-doypack","status":"publish","type":"product","link":"https:\/\/test.capsfoodsystemses.com\/es\/product\/perlas-de-algas-rojas-pasteurizadas-m-doypack\/","title":{"rendered":"Perlas de ALGAS ROJAS pasteurizadas"},"content":{"rendered":"<p>No s\u00f3lo es una alternativa vegana al caviar de pescado, sino tambi\u00e9n una fuente natural de vitaminas y minerales. El sabor y la estructura del caviar le sorprender\u00e1n por su similitud con el caviar tradicional y no le dejar\u00e1n indiferente.<\/p>\n","protected":false},"excerpt":{"rendered":"<p>No s\u00f3lo es una alternativa vegana al caviar de pescado, sino tambi\u00e9n una fuente natural de vitaminas y minerales. El sabor y la estructura del caviar le sorprender\u00e1n por su similitud con el caviar tradicional y no le dejar\u00e1n indiferente.<\/p>\n","protected":false},"featured_media":3105,"comment_status":"closed","ping_status":"closed","template":"","meta":[],"product_brand":[],"product_cat":[152],"product_tag":[182,180],"class_list":{"0":"post-2686","1":"product","2":"type-product","3":"status-publish","4":"has-post-thumbnail","6":"product_cat-vegan-pearls-es","7":"product_tag-caviar-vegetal","8":"product_tag-productos-veganos","10":"first","11":"instock","12":"shipping-taxable","13":"purchasable","14":"product-type-variable"},"acf":[],"_links":{"self":[{"href":"https:\/\/test.capsfoodsystemses.com\/es\/wp-json\/wp\/v2\/product\/2686","targetHints":{"allow":["GET"]}}],"collection":[{"href":"https:\/\/test.capsfoodsystemses.com\/es\/wp-json\/wp\/v2\/product"}],"about":[{"href":"https:\/\/test.capsfoodsystemses.com\/es\/wp-json\/wp\/v2\/types\/product"}],"replies":[{"embeddable":true,"href":"https:\/\/test.capsfoodsystemses.com\/es\/wp-json\/wp\/v2\/comments?post=2686"}],"wp:featuredmedia":[{"embeddable":true,"href":"https:\/\/test.capsfoodsystemses.com\/es\/wp-json\/wp\/v2\/media\/3105"}],"wp:attachment":[{"href":"https:\/\/test.capsfoodsystemses.com\/es\/wp-json\/wp\/v2\/media?parent=2686"}],"wp:term":[{"taxonomy":"product_brand","embeddable":true,"href":"https:\/\/test.capsfoodsystemses.com\/es\/wp-json\/wp\/v2\/product_brand?post=2686"},{"taxonomy":"product_cat","embeddable":true,"href":"https:\/\/test.capsfoodsystemses.com\/es\/wp-json\/wp\/v2\/product_cat?post=2686"},{"taxonomy":"product_tag","embeddable":true,"href":"https:\/\/test.capsfoodsystemses.com\/es\/wp-json\/wp\/v2\/product_tag?post=2686"}],"curies":[{"name":"wp","href":"https:\/\/api.w.org\/{rel}","templated":true}]}}